{"id":183,"date":"2026-01-26T23:51:23","date_gmt":"2026-01-26T22:51:23","guid":{"rendered":"https:\/\/volkslauf-bsv.de\/?page_id=183"},"modified":"2026-04-18T19:57:34","modified_gmt":"2026-04-18T18:57:34","slug":"home","status":"publish","type":"page","link":"https:\/\/volkslauf-bsv.de\/","title":{"rendered":"Home"},"content":{"rendered":"<h1 class=\"wp-block-heading has-text-align-center has-text-color has-link-color\" style=\"color: #9c1313; font-size: 60px;\"><strong>26. Barsb\u00fctteler Volkslauf am 14.06.2026<\/strong><\/h1>\r\n<p><!-- \/wp:post-content --><\/p>\r\n<p><!-- wp:image {\"id\":11,\"sizeSlug\":\"large\",\"linkDestination\":\"none\",\"className\":\"is-style-default\"} --><\/p>\r\n<figure class=\"wp-block-image size-large is-style-default\"><img loading=\"lazy\" decoding=\"async\" width=\"1024\" height=\"576\" class=\"wp-image-11\" src=\"https:\/\/volkslauf-bsv.de\/wp-content\/uploads\/2025\/10\/bsv.volkslauf_3-1024x576.jpg\" alt=\"\" srcset=\"https:\/\/volkslauf-bsv.de\/wp-content\/uploads\/2025\/10\/bsv.volkslauf_3-1024x576.jpg 1024w, https:\/\/volkslauf-bsv.de\/wp-content\/uploads\/2025\/10\/bsv.volkslauf_3-300x169.jpg 300w, https:\/\/volkslauf-bsv.de\/wp-content\/uploads\/2025\/10\/bsv.volkslauf_3-768x432.jpg 768w, https:\/\/volkslauf-bsv.de\/wp-content\/uploads\/2025\/10\/bsv.volkslauf_3-1536x864.jpg 1536w, https:\/\/volkslauf-bsv.de\/wp-content\/uploads\/2025\/10\/bsv.volkslauf_3-1140x641.jpg 1140w, https:\/\/volkslauf-bsv.de\/wp-content\/uploads\/2025\/10\/bsv.volkslauf_3.jpg 1920w\" sizes=\"auto, (max-width: 1024px) 100vw, 1024px\" \/><\/figure>\r\n<p><!-- \/wp:image --><\/p>\r\n<p><!-- wp:paragraph --><\/p>\r\n<p style=\"text-align: center;\"><strong>Herzlich Willkommen auf der Seite des Barsb\u00fctteler Volkslaufs!<\/strong><br \/>Auf unserem Sportplatz im Sportzentrum Barsb\u00fcttels findet j\u00e4hrlich im Juni unsere traditionsreiche, kleine Laufveranstaltung statt. Auf verschiedenen Laufstrecken zwischen 400 m und 10 km findet jeder eine passende Distanz und kann die pers\u00f6nliche Bestzeit angreifen.\u00a0<br \/>Gemessen werden die Zeiten \u00fcber unsere elektronische Zeitnahme und im Anschluss gibt es nat\u00fcrlich eine Urkunde.<br \/>F\u00fcr das leibliche Wohl der Zuschauer und L\u00e4ufer ist auf jeden Fall auch gesorgt.<\/p>\r\n<p style=\"text-align: center;\">Wir freuen uns, wenn Du Dich anmeldest und vorbei schaust!<\/p>\r\n<p style=\"text-align: center;\">\u00a0<\/p>\r\n\t\n\t\t<div id=\"gs_logo_area_49\" data-sort=\"name\" data-shortcode-id=\"49\" class=\"gs_logo_area gs_logo_area_49 slider1 \" data-options='{\"logo_per_page\":\"6\"}' style=\"opacity: 0; visibility: hidden;\">\n\t\t\t<div class=\"gs_logo_area--inner\">\n\n\t\t\t\t<!-- Category Filters - New (Global) -->\n\t\t\t\t\t\n\t\t\t\t\n<div class=\"gs_logo_container gs_carousel_swiper gs_logo_fix_height_and_center\" data-carousel-config='{\"direction\":\"horizontal\",\"speed\":500,\"isAutoplay\":true,\"autoplayDelay\":2000,\"loop\":true,\"pauseOnHover\":false,\"ticker\":false,\"navs\":true,\"navs_pos\":\"bottom\",\"dots\":false,\"dynamic_dots\":true,\"slideSpace\":10,\"slidesPerGroup\":1,\"desktopLogos\":5,\"tabletLogos\":3,\"mobileLogos\":2,\"reverseDirection\":false}'>\n\n\t\n\t\t\n\t\t\t<div class=\"gs_logo_single--wrapper\">\n\t\t\t\t<div class=\"gs_logo_single\">\n\n\t\t\t\t\t<!-- Logo Img -->\n\t\t\t\t\t<img loading=\"lazy\" decoding=\"async\" width=\"300\" height=\"90\" src=\"https:\/\/volkslauf-bsv.de\/wp-content\/uploads\/2026\/04\/ewerksw_logo-300x90.jpg\" class=\"tt-placement-top tt-bgcolor-one-%23ff5f6d tt-bgcolor-two-%23ffc371 tt-textcolor-%23fff gs-logo--img wp-post-image\" alt=\"\" title=\"e-Werk\" srcset=\"https:\/\/volkslauf-bsv.de\/wp-content\/uploads\/2026\/04\/ewerksw_logo-300x90.jpg 300w, https:\/\/volkslauf-bsv.de\/wp-content\/uploads\/2026\/04\/ewerksw_logo-1024x307.jpg 1024w, https:\/\/volkslauf-bsv.de\/wp-content\/uploads\/2026\/04\/ewerksw_logo-768x230.jpg 768w, https:\/\/volkslauf-bsv.de\/wp-content\/uploads\/2026\/04\/ewerksw_logo-1140x342.jpg 1140w, https:\/\/volkslauf-bsv.de\/wp-content\/uploads\/2026\/04\/ewerksw_logo.jpg 1180w\" sizes=\"auto, (max-width: 300px) 100vw, 300px\" \/>\n\t\t\t\t\t<!-- Logo Title -->\n\t\t\t\t\t\t\t\t\t\t\n\t\t\t\t\t<!-- Logo Category -->\n\t\t\t\t\t\t\t\t\t\t\n\t\t\t\t<\/div>\n\t\t\t<\/div>\n\n\t\t\n\t\t\t<div class=\"gs_logo_single--wrapper\">\n\t\t\t\t<div class=\"gs_logo_single\">\n\n\t\t\t\t\t<!-- Logo Img -->\n\t\t\t\t\t<img loading=\"lazy\" decoding=\"async\" width=\"300\" height=\"150\" src=\"https:\/\/volkslauf-bsv.de\/wp-content\/uploads\/2026\/04\/SpkHolstein_Logo_CMYK_weiss-auf-rot-300x150.png\" class=\"tt-placement-top tt-bgcolor-one-%23ff5f6d tt-bgcolor-two-%23ffc371 tt-textcolor-%23fff gs-logo--img wp-post-image\" alt=\"\" title=\"Sparkasse Holstein\" srcset=\"https:\/\/volkslauf-bsv.de\/wp-content\/uploads\/2026\/04\/SpkHolstein_Logo_CMYK_weiss-auf-rot-300x150.png 300w, https:\/\/volkslauf-bsv.de\/wp-content\/uploads\/2026\/04\/SpkHolstein_Logo_CMYK_weiss-auf-rot-1024x512.png 1024w, https:\/\/volkslauf-bsv.de\/wp-content\/uploads\/2026\/04\/SpkHolstein_Logo_CMYK_weiss-auf-rot-768x384.png 768w, https:\/\/volkslauf-bsv.de\/wp-content\/uploads\/2026\/04\/SpkHolstein_Logo_CMYK_weiss-auf-rot-1536x769.png 1536w, https:\/\/volkslauf-bsv.de\/wp-content\/uploads\/2026\/04\/SpkHolstein_Logo_CMYK_weiss-auf-rot-2048x1025.png 2048w, https:\/\/volkslauf-bsv.de\/wp-content\/uploads\/2026\/04\/SpkHolstein_Logo_CMYK_weiss-auf-rot-1080x540.png 1080w, https:\/\/volkslauf-bsv.de\/wp-content\/uploads\/2026\/04\/SpkHolstein_Logo_CMYK_weiss-auf-rot-1140x570.png 1140w\" sizes=\"auto, (max-width: 300px) 100vw, 300px\" \/>\n\t\t\t\t\t<!-- Logo Title -->\n\t\t\t\t\t\t\t\t\t\t\n\t\t\t\t\t<!-- Logo Category -->\n\t\t\t\t\t\t\t\t\t\t\n\t\t\t\t<\/div>\n\t\t\t<\/div>\n\n\t\t\n\t\t\t<div class=\"gs_logo_single--wrapper\">\n\t\t\t\t<div class=\"gs_logo_single\">\n\n\t\t\t\t\t<!-- Logo Img -->\n\t\t\t\t\t<img loading=\"lazy\" decoding=\"async\" width=\"300\" height=\"61\" src=\"https:\/\/volkslauf-bsv.de\/wp-content\/uploads\/2026\/04\/PurkGourmet-Logo-300x61.png\" class=\"tt-placement-top tt-bgcolor-one-%23ff5f6d tt-bgcolor-two-%23ffc371 tt-textcolor-%23fff gs-logo--img wp-post-image\" alt=\"\" title=\"Purk Gourmet\" srcset=\"https:\/\/volkslauf-bsv.de\/wp-content\/uploads\/2026\/04\/PurkGourmet-Logo-300x61.png 300w, https:\/\/volkslauf-bsv.de\/wp-content\/uploads\/2026\/04\/PurkGourmet-Logo-1024x210.png 1024w, https:\/\/volkslauf-bsv.de\/wp-content\/uploads\/2026\/04\/PurkGourmet-Logo-768x157.png 768w, https:\/\/volkslauf-bsv.de\/wp-content\/uploads\/2026\/04\/PurkGourmet-Logo-1536x315.png 1536w, https:\/\/volkslauf-bsv.de\/wp-content\/uploads\/2026\/04\/PurkGourmet-Logo-2048x420.png 2048w, https:\/\/volkslauf-bsv.de\/wp-content\/uploads\/2026\/04\/PurkGourmet-Logo-1140x234.png 1140w\" sizes=\"auto, (max-width: 300px) 100vw, 300px\" \/>\n\t\t\t\t\t<!-- Logo Title -->\n\t\t\t\t\t\t\t\t\t\t\n\t\t\t\t\t<!-- Logo Category -->\n\t\t\t\t\t\t\t\t\t\t\n\t\t\t\t<\/div>\n\t\t\t<\/div>\n\n\t\t\n\t\t\t<div class=\"gs_logo_single--wrapper\">\n\t\t\t\t<div class=\"gs_logo_single\">\n\n\t\t\t\t\t<!-- Logo Img -->\n\t\t\t\t\t<img loading=\"lazy\" decoding=\"async\" width=\"286\" height=\"300\" src=\"https:\/\/volkslauf-bsv.de\/wp-content\/uploads\/2026\/04\/ALDI_Nord_Logo_2015-286x300.png\" class=\"tt-placement-top tt-bgcolor-one-%23ff5f6d tt-bgcolor-two-%23ffc371 tt-textcolor-%23fff gs-logo--img wp-post-image\" alt=\"\" title=\"ALDI Nord\" srcset=\"https:\/\/volkslauf-bsv.de\/wp-content\/uploads\/2026\/04\/ALDI_Nord_Logo_2015-286x300.png 286w, https:\/\/volkslauf-bsv.de\/wp-content\/uploads\/2026\/04\/ALDI_Nord_Logo_2015-975x1024.png 975w, https:\/\/volkslauf-bsv.de\/wp-content\/uploads\/2026\/04\/ALDI_Nord_Logo_2015-768x806.png 768w, https:\/\/volkslauf-bsv.de\/wp-content\/uploads\/2026\/04\/ALDI_Nord_Logo_2015-1140x1197.png 1140w, https:\/\/volkslauf-bsv.de\/wp-content\/uploads\/2026\/04\/ALDI_Nord_Logo_2015.png 1417w\" sizes=\"auto, (max-width: 286px) 100vw, 286px\" \/>\n\t\t\t\t\t<!-- Logo Title -->\n\t\t\t\t\t\t\t\t\t\t\n\t\t\t\t\t<!-- Logo Category -->\n\t\t\t\t\t\t\t\t\t\t\n\t\t\t\t<\/div>\n\t\t\t<\/div>\n\n\t\t\t\t\n\t\n<\/div>\n\t\t\t\t<!-- Pagination -->\n\t\t\t\t\n\t\t\t<\/div>\n\t\t<\/div>\n\t\n\t\t<style>#gs_logo_area_49:not(.verticaltickerdown):not(.verticalticker) .gs_logo_container{margin-left:-5px}#gs_logo_area_49:not(.verticaltickerdown):not(.verticalticker) .gs_logo_container{margin-right:-5px}#gs_logo_area_49:not(.verticaltickerdown):not(.verticalticker) .gs_logo_single--wrapper{padding:5px}#gs_logo_area_49 ul.gs-logo-filter-cats{text-align:center!important}#gs_logo_area_49 .gs_logo_single--wrapper{width:20%}@media (max-width:1023px){#gs_logo_area_49 .gs_logo_single--wrapper{width:33.333333333333%}}@media (max-width:767px){#gs_logo_area_49 .gs_logo_single--wrapper{width:50%}}<\/style>\r\n<p><!-- \/wp:paragraph --><\/p>\r\n<p><!-- wp:paragraph --><\/p>\r\n<p>&nbsp;<\/p>\r\n<!-- wp:gslogo\/shortcodes \/-->","protected":false},"excerpt":{"rendered":"<p>26. Barsb\u00fctteler Volkslauf am 14.06.2026 Herzlich Willkommen auf der Seite des Barsb\u00fctteler Volkslaufs!Auf unserem Sportplatz im Sportzentrum Barsb\u00fcttels findet j\u00e4hrlich im Juni unsere traditionsreiche, kleine Laufveranstaltung statt. Auf verschiedenen Laufstrecken zwischen 400 m und 10 km findet jeder eine passende Distanz und kann die pers\u00f6nliche Bestzeit angreifen.\u00a0Gemessen werden die Zeiten \u00fcber unsere elektronische Zeitnahme und im Anschluss gibt es nat\u00fcrlich eine Urkunde.F\u00fcr das leibliche Wohl der Zuschauer und L\u00e4ufer ist auf jeden Fall auch gesorgt. Wir freuen uns, wenn Du Dich anmeldest und vorbei schaust! \u00a0 &nbsp;<\/p>\n","protected":false},"author":1,"featured_media":0,"parent":0,"menu_order":0,"comment_status":"closed","ping_status":"closed","template":"page-right-sidebar.php","meta":{"footnotes":""},"class_list":["post-183","page","type-page","status-publish","hentry"],"_links":{"self":[{"href":"https:\/\/volkslauf-bsv.de\/index.php?rest_route=\/wp\/v2\/pages\/183","targetHints":{"allow":["GET"]}}],"collection":[{"href":"https:\/\/volkslauf-bsv.de\/index.php?rest_route=\/wp\/v2\/pages"}],"about":[{"href":"https:\/\/volkslauf-bsv.de\/index.php?rest_route=\/wp\/v2\/types\/page"}],"author":[{"embeddable":true,"href":"https:\/\/volkslauf-bsv.de\/index.php?rest_route=\/wp\/v2\/users\/1"}],"replies":[{"embeddable":true,"href":"https:\/\/volkslauf-bsv.de\/index.php?rest_route=%2Fwp%2Fv2%2Fcomments&post=183"}],"version-history":[{"count":39,"href":"https:\/\/volkslauf-bsv.de\/index.php?rest_route=\/wp\/v2\/pages\/183\/revisions"}],"predecessor-version":[{"id":304,"href":"https:\/\/volkslauf-bsv.de\/index.php?rest_route=\/wp\/v2\/pages\/183\/revisions\/304"}],"wp:attachment":[{"href":"https:\/\/volkslauf-bsv.de\/index.php?rest_route=%2Fwp%2Fv2%2Fmedia&parent=183"}],"curies":[{"name":"wp","href":"https:\/\/api.w.org\/{rel}","templated":true}]}}